{"id":327,"date":"2024-12-27T09:09:46","date_gmt":"2024-12-27T08:09:46","guid":{"rendered":"https:\/\/infosecbleep.net\/kontakt\/"},"modified":"2025-01-01T16:03:59","modified_gmt":"2025-01-01T15:03:59","slug":"kontakt","status":"publish","type":"page","link":"https:\/\/infosecbleep.net\/de\/kontakt\/","title":{"rendered":"Kontakt"},"content":{"rendered":"<div id=\"pl-327\"  class=\"panel-layout\" ><div id=\"pg-327-0\"  class=\"panel-grid panel-no-style\" ><div id=\"pgc-327-0-0\"  class=\"panel-grid-cell\" ><div id=\"panel-327-0-0-0\" class=\"so-panel widget widget_sow-editor panel-first-child panel-last-child\" data-index=\"0\" ><div\n\t\t\t\n\t\t\tclass=\"so-widget-sow-editor so-widget-sow-editor-base\"\n\t\t\t\n\t\t>\n<div class=\"siteorigin-widget-tinymce textwidget\">\n\t<p>Du kannst auf einigen Seiten und den Blog-Posts deinen Kommentar hinterlassen. Zus\u00e4tzlich kannst du mich unter der E-Mail-Adresse <strong><em>contact@infosecbleep.net<\/em><\/strong> kontaktieren. Vorzugsweise verschl\u00fcsselt und signiert per PGP. Meinen aktuellen \u00f6ffentlichen PGP-Schl\u00fcssel findest du unten oder du kannst ihn \u00fcber folgenden <a href=\"https:\/\/infosecbleep.net\/wp-content\/uploads\/2024\/12\/InfoSecBLEEP_0x262B2C66_public.asc\" target=\"_blank\" rel=\"noopener\"><strong>Link<\/strong><\/a> abspeichern.<\/p>\n<\/div>\n<\/div><\/div><\/div><\/div><div id=\"pg-327-1\"  class=\"panel-grid panel-has-style\" ><div class=\"panel-row-style panel-row-style-for-327-1\" ><div id=\"pgc-327-1-0\"  class=\"panel-grid-cell\" ><div id=\"panel-327-1-0-0\" class=\"so-panel widget widget_sow-editor panel-first-child panel-last-child\" data-index=\"1\" ><div\n\t\t\t\n\t\t\tclass=\"so-widget-sow-editor so-widget-sow-editor-base\"\n\t\t\t\n\t\t>\n<div class=\"siteorigin-widget-tinymce textwidget\">\n\t<pre>-----BEGIN PGP PUBLIC KEY BLOCK-----\n\nmDMEZ252VhYJKwYBBAHaRw8BAQdArSm3\/WKtmpQCHYDqSavPbLvcEGKuR6kzEvKv\nYY0CPoC0J0luZm9TZWNCTEVFUCA8Y29udGFjdEBpbmZvc2VjYmxlZXAubmV0PoiZ\nBBMWCgBBFiEEG9ZeY4Pj1GeK+S3iMcK\/PCYrLGYFAmdudlYCGwMFCQWqRFoFCwkI\nBwICIgIGFQoJCAsCBBYCAwECHgcCF4AACgkQMcK\/PCYrLGbLxAEAgjNR1oEsqjnn\nVtKyXHuAd5ZGE0ubcXBvOB4WDzu1vrsA\/1BQSNJezqnp4XUQqkpJxNVkvPhWrf8D\n6hBz+pVY2KAJtC5JbmZvU2VjQkxFRVAgPGRhdGFwcm90ZWN0aW9uQGluZm9zZWNi\nbGVlcC5uZXQ+iJkEExYKAEEWIQQb1l5jg+PUZ4r5LeIxwr88JissZgUCZ252mwIb\nAwUJBapEWgULCQgHAgIiAgYVCgkICwIEFgIDAQIeBwIXgAAKCRAxwr88JissZoIv\nAP9MkYaAN4UlTsnqOgqCAJ+zKDXXvVkhrArpBe2JYn4DsAEAxkvZftPlrUc1k8Cj\nztoanP7qJvjJfJ0mTNB+4ABGZwO4OARnbnZWEgorBgEEAZdVAQUBAQdA\/AZy5+3Q\ne7F+NNb1OPJJ7o1R\/GezvX\/4tlROc0zJ0DADAQgHiH4EGBYKACYWIQQb1l5jg+PU\nZ4r5LeIxwr88JissZgUCZ252VgIbDAUJBapEWgAKCRAxwr88JissZpJsAP9f4W0B\nDWVwEJO5mTNIAuNw2JP86mLRfaC6jaIfM0UVKwD\/d\/kR1ZrJNDZC+0fuX8pC9oss\nzwB+K9nwbhYP5+BeGQA=\n=o+Yn\n-----END PGP PUBLIC KEY BLOCK-----<\/pre>\n<\/div>\n<\/div><\/div><\/div><\/div><\/div><\/div>","protected":false},"excerpt":{"rendered":"<p>Du kannst auf einigen Seiten und den Blog-Posts deinen Kommentar hinterlassen. Zus\u00e4tzlich kannst du mich unter der E-Mail-Adresse contact@infosecbleep.net kontaktieren. Vorzugsweise verschl\u00fcsselt und signiert per PGP. Meinen aktuellen \u00f6ffentlichen PGP-Schl\u00fcssel findest du unten oder du kannst ihn \u00fcber folgenden Link abspeichern. &#8212;&#8211;BEGIN PGP PUBLIC KEY BLOCK&#8212;&#8211; mDMEZ252VhYJKwYBBAHaRw8BAQdArSm3\/WKtmpQCHYDqSavPbLvcEGKuR6kzEvKv YY0CPoC0J0luZm9TZWNCTEVFUCA8Y29udGFjdEBpbmZvc2VjYmxlZXAubmV0PoiZ BBMWCgBBFiEEG9ZeY4Pj1GeK+S3iMcK\/PCYrLGYFAmdudlYCGwMFCQWqRFoFCwkI BwICIgIGFQoJCAsCBBYCAwECHgcCF4AACgkQMcK\/PCYrLGbLxAEAgjNR1oEsqjnn VtKyXHuAd5ZGE0ubcXBvOB4WDzu1vrsA\/1BQSNJezqnp4XUQqkpJxNVkvPhWrf8D 6hBz+pVY2KAJtC5JbmZvU2VjQkxFRVAgPGRhdGFwcm90ZWN0aW9uQGluZm9zZWNi bGVlcC5uZXQ+iJkEExYKAEEWIQQb1l5jg+PUZ4r5LeIxwr88JissZgUCZ252mwIb AwUJBapEWgULCQgHAgIiAgYVCgkICwIEFgIDAQIeBwIXgAAKCRAxwr88JissZoIv AP9MkYaAN4UlTsnqOgqCAJ+zKDXXvVkhrArpBe2JYn4DsAEAxkvZftPlrUc1k8Cj [&hellip;]<\/p>\n","protected":false},"author":1,"featured_media":0,"parent":0,"menu_order":0,"comment_status":"closed","ping_status":"closed","template":"","meta":{"footnotes":""},"categories":[],"tags":[],"class_list":["post-327","page","type-page","status-publish","hentry","content-columns-1"],"_links":{"self":[{"href":"https:\/\/infosecbleep.net\/de\/wp-json\/wp\/v2\/pages\/327","targetHints":{"allow":["GET"]}}],"collection":[{"href":"https:\/\/infosecbleep.net\/de\/wp-json\/wp\/v2\/pages"}],"about":[{"href":"https:\/\/infosecbleep.net\/de\/wp-json\/wp\/v2\/types\/page"}],"author":[{"embeddable":true,"href":"https:\/\/infosecbleep.net\/de\/wp-json\/wp\/v2\/users\/1"}],"replies":[{"embeddable":true,"href":"https:\/\/infosecbleep.net\/de\/wp-json\/wp\/v2\/comments?post=327"}],"version-history":[{"count":2,"href":"https:\/\/infosecbleep.net\/de\/wp-json\/wp\/v2\/pages\/327\/revisions"}],"predecessor-version":[{"id":396,"href":"https:\/\/infosecbleep.net\/de\/wp-json\/wp\/v2\/pages\/327\/revisions\/396"}],"wp:attachment":[{"href":"https:\/\/infosecbleep.net\/de\/wp-json\/wp\/v2\/media?parent=327"}],"wp:term":[{"taxonomy":"category","embeddable":true,"href":"https:\/\/infosecbleep.net\/de\/wp-json\/wp\/v2\/categories?post=327"},{"taxonomy":"post_tag","embeddable":true,"href":"https:\/\/infosecbleep.net\/de\/wp-json\/wp\/v2\/tags?post=327"}],"curies":[{"name":"wp","href":"https:\/\/api.w.org\/{rel}","templated":true}]}}