{"id":479,"date":"2025-01-01T12:25:33","date_gmt":"2025-01-01T11:25:33","guid":{"rendered":"https:\/\/infosecbleep.net\/it-akronyme\/"},"modified":"2025-01-03T10:49:13","modified_gmt":"2025-01-03T09:49:13","slug":"it-akronyme","status":"publish","type":"page","link":"https:\/\/infosecbleep.net\/de\/it-akronyme\/","title":{"rendered":"IT-Akronyme"},"content":{"rendered":"\n<p>Obwohl diese Website einen Fokus auf <a href=\"https:\/\/infosecbleep.net\/de\/informationssicherheits-akronyme\/\" data-type=\"page\" data-id=\"462\">Informationssicherheits-Akronyme<\/a> hat, sind auch einige allgemeine IT-Akronyme, und bestimmte OT- und Datenschutz-Akronyme, wichtig zu kennen, wenn man versucht, Informationssicherheit zu verstehen. Daher werden auf dieser Seite einige relevante IT-Akronyme aufgef\u00fchrt. Bitte beachte, dass diese Liste nicht den Anspruch erhebt, eine vollst\u00e4ndige Liste aller m\u00f6glichen IT-Akronyme zu liefern, sondern nur die relevantesten, die in Kontext der Informationssicherheit verwendet werden.  <\/p>\n\n<ul class=\"wp-block-list\">\n<li><strong>API<\/strong> = Application Programming Interface<\/li>\n\n\n\n<li><strong>ARP<\/strong> = Address Resolution Protocol<\/li>\n\n\n\n<li><strong>BYOD<\/strong> = Bring Your Own Device<\/li>\n\n\n\n<li><strong>CLI <\/strong>= Command Line Interface<\/li>\n\n\n\n<li><strong>CPU <\/strong>= Central Processing Unit<\/li>\n\n\n\n<li><strong>CRC <\/strong>= Cyclic Redundancy Check<\/li>\n\n\n\n<li><strong>DHCP <\/strong>= Dynamic Host Configuration Protocol<\/li>\n\n\n\n<li><strong>DNS <\/strong>= Domain Name System<\/li>\n\n\n\n<li><strong>FIFO <\/strong>= First In First Out<\/li>\n\n\n\n<li><strong>FTP <\/strong>= File Transfer Protocol<\/li>\n\n\n\n<li><strong>HTTP <\/strong>= HyperText Transfer Protocol<\/li>\n\n\n\n<li><strong>IaaS <\/strong>= Infrastructure-as-a-Service<\/li>\n\n\n\n<li><strong>IANA <\/strong>= Internet Assigned Number Authority<\/li>\n\n\n\n<li><strong>ICMP<\/strong> = Internet Control Message Protocol<\/li>\n\n\n\n<li><strong>IMAP <\/strong>= Internet Message Access Protocol<\/li>\n\n\n\n<li><strong>IP <\/strong>= Internet Protocol<\/li>\n\n\n\n<li><strong>IPv4 <\/strong>= Internet Protocol, version 4<\/li>\n\n\n\n<li><strong>IPv6 <\/strong>= Internet Protocol, version 6<\/li>\n\n\n\n<li><strong>LAN <\/strong>= Local Area Network<\/li>\n\n\n\n<li><strong>LIFO <\/strong>= Last In First Out<\/li>\n\n\n\n<li><strong>LILO <\/strong>= Last In Last Out<\/li>\n\n\n\n<li><strong>MPLS <\/strong>= Multiprotocol Label Switching<\/li>\n\n\n\n<li><strong>NAT <\/strong>= Network Address Translation<\/li>\n\n\n\n<li><strong>OS<\/strong> = Operating System<\/li>\n\n\n\n<li><strong>OSPF <\/strong>= Open Shortest Path First<\/li>\n\n\n\n<li><strong>PaaS <\/strong>= Platform-as-a-Service<\/li>\n\n\n\n<li><strong>PDU <\/strong>= Protocol Data Unit<\/li>\n\n\n\n<li><strong>POP3 <\/strong>= Post Office Protocol, version 3<\/li>\n\n\n\n<li><strong>RAM <\/strong>= Random Access Memory<\/li>\n\n\n\n<li><strong>RIP <\/strong>= Routing Information Protocol<\/li>\n\n\n\n<li><strong>ROM <\/strong>= Read-Only Memory<\/li>\n\n\n\n<li><strong>RTP <\/strong>= Real-time Transport Protocol<\/li>\n\n\n\n<li><strong>SaaS<\/strong> = Software-as-a-Service<\/li>\n\n\n\n<li><strong>SDN <\/strong>= Software-Defined Networking<\/li>\n\n\n\n<li><strong>SMTP <\/strong>= Simple Mail Transfer Protocol<\/li>\n\n\n\n<li><strong>SNMP <\/strong>= Simple Network Management Protocol<\/li>\n\n\n\n<li><strong>SSID <\/strong>= Service Set Identifier<\/li>\n\n\n\n<li><strong>TCP\/IP <\/strong>= Transmission Control Protocol\/Internet Protocol<\/li>\n\n\n\n<li><strong>TFTP <\/strong>= Trivial File Transfer Protocol<\/li>\n\n\n\n<li><strong>UDP <\/strong>= User Datagram Protocol<\/li>\n\n\n\n<li><strong>UUID <\/strong>= Universally Unique Identifier<\/li>\n\n\n\n<li><strong>URI <\/strong>= Uniform Resource Identifier<\/li>\n\n\n\n<li><strong>URL <\/strong>= Uniform Resource Locator<\/li>\n\n\n\n<li><strong>URN<\/strong> = Uniform Resource Name<\/li>\n\n\n\n<li><strong>USB <\/strong>= Universal Serial Bus<\/li>\n\n\n\n<li><strong>VLAN <\/strong>= Virtual Local Area Network<\/li>\n\n\n\n<li><strong>VM <\/strong>= Virtual Machine<\/li>\n\n\n\n<li><strong>WAN <\/strong>= Wide Area Network<\/li>\n\n\n\n<li><strong>WPA <\/strong>= Wi-Fi Protected Access<\/li>\n\n\n\n<li><strong>WWW <\/strong>= World Wide Web<\/li>\n<\/ul>\n\n<p>Schau dir auch die folgenden weiteren Akronym-Listen an:<\/p>\n\n<ul class=\"wp-block-list\">\n<li><a href=\"\/?page_id=475\" data-type=\"page\" data-id=\"462\">Informationssicherheits-Akronyme<\/a><\/li>\n\n\n\n<li><a href=\"\/?page_id=494\" title=\"OT-Akronyme\">OT-Akronyme<\/a><\/li>\n\n\n\n<li><a href=\"\/?page_id=499\" title=\"Datenschutz-Akronyme\">Datenschutz-Akronyme<\/a><\/li>\n<\/ul>\n\n<p><\/p>\n","protected":false},"excerpt":{"rendered":"<p>Obwohl diese Website einen Fokus auf Informationssicherheits-Akronyme hat, sind auch einige allgemeine IT-Akronyme, und bestimmte OT- und Datenschutz-Akronyme, wichtig zu kennen, wenn man versucht, Informationssicherheit zu verstehen. Daher werden auf dieser Seite einige relevante IT-Akronyme aufgef\u00fchrt. Bitte beachte, dass diese Liste nicht den Anspruch erhebt, eine vollst\u00e4ndige Liste aller m\u00f6glichen IT-Akronyme zu liefern, sondern nur [&hellip;]<\/p>\n","protected":false},"author":1,"featured_media":0,"parent":0,"menu_order":0,"comment_status":"closed","ping_status":"closed","template":"","meta":{"footnotes":""},"categories":[],"tags":[],"class_list":["post-479","page","type-page","status-publish","hentry"],"_links":{"self":[{"href":"https:\/\/infosecbleep.net\/de\/wp-json\/wp\/v2\/pages\/479","targetHints":{"allow":["GET"]}}],"collection":[{"href":"https:\/\/infosecbleep.net\/de\/wp-json\/wp\/v2\/pages"}],"about":[{"href":"https:\/\/infosecbleep.net\/de\/wp-json\/wp\/v2\/types\/page"}],"author":[{"embeddable":true,"href":"https:\/\/infosecbleep.net\/de\/wp-json\/wp\/v2\/users\/1"}],"replies":[{"embeddable":true,"href":"https:\/\/infosecbleep.net\/de\/wp-json\/wp\/v2\/comments?post=479"}],"version-history":[{"count":15,"href":"https:\/\/infosecbleep.net\/de\/wp-json\/wp\/v2\/pages\/479\/revisions"}],"predecessor-version":[{"id":532,"href":"https:\/\/infosecbleep.net\/de\/wp-json\/wp\/v2\/pages\/479\/revisions\/532"}],"wp:attachment":[{"href":"https:\/\/infosecbleep.net\/de\/wp-json\/wp\/v2\/media?parent=479"}],"wp:term":[{"taxonomy":"category","embeddable":true,"href":"https:\/\/infosecbleep.net\/de\/wp-json\/wp\/v2\/categories?post=479"},{"taxonomy":"post_tag","embeddable":true,"href":"https:\/\/infosecbleep.net\/de\/wp-json\/wp\/v2\/tags?post=479"}],"curies":[{"name":"wp","href":"https:\/\/api.w.org\/{rel}","templated":true}]}}