{"id":499,"date":"2025-01-01T14:03:29","date_gmt":"2025-01-01T13:03:29","guid":{"rendered":"https:\/\/infosecbleep.net\/datenschutz-akronyme\/"},"modified":"2025-01-01T16:08:49","modified_gmt":"2025-01-01T15:08:49","slug":"datenschutz-akronyme","status":"publish","type":"page","link":"https:\/\/infosecbleep.net\/de\/datenschutz-akronyme\/","title":{"rendered":"Datenschutz-Akronyme"},"content":{"rendered":"<p>Obwohl diese Website einen Fokus auf <a title=\"Die ultimative Informationssicherheits-Akronym-Liste\" href=\"\/?page_id=475\">Informationssicherheits-Akronyme<\/a> hat, sind auch einige allgemeine Datenschutz-Akronyme, und bestimmte IT- und OT-Akronyme, wichtig zu kennen, wenn man versucht, Informationssicherheit zu verstehen. Daher werden auf dieser Seite einige relevante Datenschutz-Akronyme aufgef\u00fchrt. Bitte beachte, dass diese Liste nicht den Anspruch erhebt, eine vollst\u00e4ndige Liste aller m\u00f6glichen Datenschutz-Akronyme zu liefern, sondern nur die relevantesten, die in Kontext der Informationssicherheit verwendet werden.<\/p>\n<ul class=\"wp-block-list\">\n<li><strong>CCPA<\/strong> = California Consumer Privacy Act<\/li>\n<li><strong>DPIA <\/strong>= Data Protection Impact Assessment (same as PIA)<strong><br \/><\/strong><\/li>\n<li><strong>DPMS<\/strong> = Data Protection Management System<\/li>\n<li><strong>GDPR<\/strong> = General Data Protection Regulation<\/li>\n<li><strong>PIA <\/strong>= Privacy Impact Assessment (same as DPIA)<\/li>\n<li><strong>POPIA<\/strong> = Protection Of Personal Information Act<\/li>\n<li><strong>TIA<\/strong> = Transfer Impact Assessment<\/li>\n<\/ul>\n<p>Schau dir auch die folgenden weiteren Akronym-Listen an:<\/p>\n<ul class=\"wp-block-list\">\n<li><a title=\"Die ultimative Informationssicherheits-Akronym-Liste\" href=\"\/?page_id=475\">Informationssicherheits-Akronyme<\/a><\/li>\n<li><a href=\"\/?page_id=479\">IT-Akronyme<\/a><\/li>\n<li><a href=\"\/?page_id=494\">OT-Akronyme<\/a><\/li>\n<\/ul>\n\n<p><\/p>\n","protected":false},"excerpt":{"rendered":"<p>Obwohl diese Website einen Fokus auf Informationssicherheits-Akronyme hat, sind auch einige allgemeine Datenschutz-Akronyme, und bestimmte IT- und OT-Akronyme, wichtig zu kennen, wenn man versucht, Informationssicherheit zu verstehen. Daher werden auf dieser Seite einige relevante Datenschutz-Akronyme aufgef\u00fchrt. Bitte beachte, dass diese Liste nicht den Anspruch erhebt, eine vollst\u00e4ndige Liste aller m\u00f6glichen Datenschutz-Akronyme zu liefern, sondern nur [&hellip;]<\/p>\n","protected":false},"author":1,"featured_media":0,"parent":0,"menu_order":0,"comment_status":"closed","ping_status":"closed","template":"","meta":{"footnotes":""},"categories":[],"tags":[],"class_list":["post-499","page","type-page","status-publish","hentry"],"_links":{"self":[{"href":"https:\/\/infosecbleep.net\/de\/wp-json\/wp\/v2\/pages\/499","targetHints":{"allow":["GET"]}}],"collection":[{"href":"https:\/\/infosecbleep.net\/de\/wp-json\/wp\/v2\/pages"}],"about":[{"href":"https:\/\/infosecbleep.net\/de\/wp-json\/wp\/v2\/types\/page"}],"author":[{"embeddable":true,"href":"https:\/\/infosecbleep.net\/de\/wp-json\/wp\/v2\/users\/1"}],"replies":[{"embeddable":true,"href":"https:\/\/infosecbleep.net\/de\/wp-json\/wp\/v2\/comments?post=499"}],"version-history":[{"count":1,"href":"https:\/\/infosecbleep.net\/de\/wp-json\/wp\/v2\/pages\/499\/revisions"}],"predecessor-version":[{"id":500,"href":"https:\/\/infosecbleep.net\/de\/wp-json\/wp\/v2\/pages\/499\/revisions\/500"}],"wp:attachment":[{"href":"https:\/\/infosecbleep.net\/de\/wp-json\/wp\/v2\/media?parent=499"}],"wp:term":[{"taxonomy":"category","embeddable":true,"href":"https:\/\/infosecbleep.net\/de\/wp-json\/wp\/v2\/categories?post=499"},{"taxonomy":"post_tag","embeddable":true,"href":"https:\/\/infosecbleep.net\/de\/wp-json\/wp\/v2\/tags?post=499"}],"curies":[{"name":"wp","href":"https:\/\/api.w.org\/{rel}","templated":true}]}}